{"id":973,"date":"2021-06-06T17:17:57","date_gmt":"2021-06-06T17:17:57","guid":{"rendered":"https:\/\/consultantsgroupe3737.com\/?page_id=973"},"modified":"2024-05-17T21:14:26","modified_gmt":"2024-05-17T21:14:26","slug":"home","status":"publish","type":"page","link":"https:\/\/consultants.groupe3737.com\/en\/home\/","title":{"rendered":"Home"},"content":{"rendered":"<form action=\"\" method=\"get\"><label style=\"color: #fff;\"> Specialty <\/label><br \/>\n<!-- <select name=\"emd-specialisation_principale\" id=\"emd-specialisation_principale\" data-placeholder=\"\" style=\"display: none;\"> --><br \/>\n<select id=\"emd-specialisation_principale\" style=\"width: -webkit-fill-available!important;\" name=\"emd-specialisation_principale\" data-placeholder=\"\"><option disabled=\"disabled\" selected=\"selected\" value=\"\">Choisir un domaine<\/option><option value=\"all\">Tout<\/option><option value=\"Cr\u00e9ation de site web\">Cr\u00e9ation de site web<\/option><option value=\"Diagnostic d&#96;entreprise\">Diagnostic d`entreprise<\/option><option value=\"D\u00e9veloppement de nouveaux services; innovations\">D\u00e9veloppement de nouveaux services; innovations<\/option><option value=\"Gestion des ressources humaines\">Gestion des ressources humaines<\/option><option value=\"Interventions en gouvernance Leadership Reddition de comptes \u00c9thique Communication et transparence\">Interventions en gouvernance Leadership Reddition de comptes \u00c9thique Communication et transparence<\/option><option value=\"Organisation et processus\">Organisation et processus<\/option><option value=\"Plan d&#96;affaires; pr\u00e9visions financi\u00e8res\">Plan d`affaires; pr\u00e9visions financi\u00e8res<\/option><option value=\"Plan marketing, plan de communication\">Plan marketing, plan de communication<\/option><option value=\"Planification strat\u00e9gique\">Planification strat\u00e9gique<\/option><option value=\"Recherche de financement; conseils en philanthropie\">Recherche de financement; conseils en philanthropie<\/option><option value=\"R\u00e9organisation \/ Planification financi\u00e8re\">R\u00e9organisation \/ Planification financi\u00e8re<\/option><option value=\"Services d&#96;ing\u00e9nierie \/ Architectes\">Services d`ing\u00e9nierie \/ Architectes<\/option><option value=\"Strat\u00e9gie web et m\u00e9dias sociaux\">Strat\u00e9gie web et m\u00e9dias sociaux<\/option><option value=\"\u00c9conomie sociale (formations\/interventions)\">\u00c9conomie sociale (formations\/interventions)<\/option><option value=\"\u00c9tude de faisabilit\u00e9\">\u00c9tude de faisabilit\u00e9<\/option><option value=\"\u00c9tude de march\u00e9 et d\u00e9veloppement de nouveaux march\u00e9s\">\u00c9tude de march\u00e9 et d\u00e9veloppement de nouveaux march\u00e9s<\/option><option value=\"\u00c9valuation de programme \/ tableaux de bord\">\u00c9valuation de programme \/ tableaux de bord<\/option><\/select><br \/>\n<!-- <a tabindex=\"-1\">Select an Option<b><\/b><\/a><input type=\"text\" autocomplete=\"off\">\n\n\n<ul><\/ul>\n\n\n--><br \/>\n<label style=\"color: #fff;\"> Organization<br \/>\n<\/label><br \/>\n<input id=\"emd-nom_org\" name=\"emd-nom_org\" type=\"text\" value=\"\" placeholder=\"\" \/><br \/>\n<label> First Name<br \/>\n<\/label><br \/>\n<input id=\"emd-first_name\" name=\"emd-first_name\" type=\"text\" value=\"\" placeholder=\"\" \/><br \/>\n<label> Last Name<br \/>\n<\/label><br \/>\n<input id=\"emd-last_name\" name=\"emd-last_name\" type=\"text\" value=\"\" placeholder=\"\" \/><br \/>\n<input name=\"page_id\" type=\"hidden\" value=\"19\" \/><br \/>\n<input id=\"emd-search\" name=\"emd-search\" type=\"submit\" value=\"Search\" \/><\/form>\n<p><img loading=\"lazy\" src=\"https:\/\/consultants.groupe3737.com\/wp-content\/uploads\/2021\/05\/evaluation.png\" sizes=\"(max-width: 512px) 100vw, 512px\" srcset=\"https:\/\/consultants.groupe3737.com\/wp-content\/uploads\/2021\/05\/evaluation.png 512w, https:\/\/consultants.groupe3737.com\/wp-content\/uploads\/2021\/05\/evaluation-300x300.png 300w, https:\/\/consultants.groupe3737.com\/wp-content\/uploads\/2021\/05\/evaluation-150x150.png 150w, https:\/\/consultants.groupe3737.com\/wp-content\/uploads\/2021\/05\/evaluation-500x500.png 500w\" alt=\"\" width=\"512\" height=\"512\" \/><\/p>\n<h4>Experts to assist you.<\/h4>\n<p><img loading=\"lazy\" src=\"https:\/\/consultants.groupe3737.com\/wp-content\/uploads\/2021\/05\/promotion.png\" sizes=\"(max-width: 512px) 100vw, 512px\" srcset=\"https:\/\/consultants.groupe3737.com\/wp-content\/uploads\/2021\/05\/promotion.png 512w, https:\/\/consultants.groupe3737.com\/wp-content\/uploads\/2021\/05\/promotion-300x300.png 300w, https:\/\/consultants.groupe3737.com\/wp-content\/uploads\/2021\/05\/promotion-150x150.png 150w, https:\/\/consultants.groupe3737.com\/wp-content\/uploads\/2021\/05\/promotion-500x500.png 500w\" alt=\"\" width=\"512\" height=\"512\" \/><\/p>\n<h4>We have expertise in all fields.<\/h4>\n<p><img loading=\"lazy\" src=\"https:\/\/consultants.groupe3737.com\/wp-content\/uploads\/2021\/05\/medal.png\" sizes=\"(max-width: 512px) 100vw, 512px\" srcset=\"https:\/\/consultants.groupe3737.com\/wp-content\/uploads\/2021\/05\/medal.png 512w, https:\/\/consultants.groupe3737.com\/wp-content\/uploads\/2021\/05\/medal-300x300.png 300w, https:\/\/consultants.groupe3737.com\/wp-content\/uploads\/2021\/05\/medal-150x150.png 150w, https:\/\/consultants.groupe3737.com\/wp-content\/uploads\/2021\/05\/medal-500x500.png 500w\" alt=\"\" width=\"512\" height=\"512\" \/><\/p>\n<h4>Our experts are there to help you reach your goals.<\/h4>\n<p><img loading=\"lazy\" src=\"https:\/\/consultants.groupe3737.com\/wp-content\/uploads\/2021\/05\/5ed1ba69a661586140bb041f_quote-photo.jpg\" sizes=\"(max-width: 630px) 100vw, 630px\" srcset=\"https:\/\/consultants.groupe3737.com\/wp-content\/uploads\/2021\/05\/5ed1ba69a661586140bb041f_quote-photo.jpg 630w, https:\/\/consultants.groupe3737.com\/wp-content\/uploads\/2021\/05\/5ed1ba69a661586140bb041f_quote-photo-200x300.jpg 200w\" alt=\"\" width=\"630\" height=\"945\" \/><\/p>\n<h6>Here to assist you<\/h6>\n<h2>Initiative<\/h2>\n<p>The Supporting Black Canadian Communities Initiative is committed to supporting projects aimed at increasing the scope and impact of actions promoting the development of black communities in Quebec.<\/p>\n<p>To meet the needs of organizational capacity building and increase the attractiveness of black organizations, funding is becoming an essential tool for implementing innovative solutions.<\/p>\n<h3>Become a mentor<br \/>\nand assist the Community<\/h3>\n<p><a role=\"button\" href=\"\/profile\/register\/\"><br \/>\nBecome a mentor<br \/>\n<\/a><\/p>\n<h4>Our top experts guarantee you top quality mentorship and coaching.<\/h4>\n<p><a role=\"button\" href=\"\/en\/find-an-expert\/\"><br \/>\nFind Your Expert<br \/>\n<\/a><br \/>\nPRACTICE IN OUR CALL FOR PROJECTS<\/p>\n","protected":false},"excerpt":{"rendered":"<p>Specialty Choisir un domaineToutCr\u00e9ation de site webDiagnostic d`entrepriseD\u00e9veloppement de nouveaux services; innovationsGestion des ressources humainesInterventions en gouvernance Leadership Reddition de comptes \u00c9thique Communication et transparenceOrganisation et processusPlan d`affaires; pr\u00e9visions financi\u00e8resPlan marketing, plan de communicationPlanification strat\u00e9giqueRecherche de financement; conseils en philanthropieR\u00e9organisation \/ Planification financi\u00e8reServices d`ing\u00e9nierie \/&#8230;<\/p>\n","protected":false},"author":1,"featured_media":0,"parent":0,"menu_order":0,"comment_status":"closed","ping_status":"closed","template":"elementor_header_footer","meta":[],"_links":{"self":[{"href":"https:\/\/consultants.groupe3737.com\/en\/wp-json\/wp\/v2\/pages\/973"}],"collection":[{"href":"https:\/\/consultants.groupe3737.com\/en\/wp-json\/wp\/v2\/pages"}],"about":[{"href":"https:\/\/consultants.groupe3737.com\/en\/wp-json\/wp\/v2\/types\/page"}],"author":[{"embeddable":true,"href":"https:\/\/consultants.groupe3737.com\/en\/wp-json\/wp\/v2\/users\/1"}],"replies":[{"embeddable":true,"href":"https:\/\/consultants.groupe3737.com\/en\/wp-json\/wp\/v2\/comments?post=973"}],"version-history":[{"count":40,"href":"https:\/\/consultants.groupe3737.com\/en\/wp-json\/wp\/v2\/pages\/973\/revisions"}],"predecessor-version":[{"id":1520,"href":"https:\/\/consultants.groupe3737.com\/en\/wp-json\/wp\/v2\/pages\/973\/revisions\/1520"}],"wp:attachment":[{"href":"https:\/\/consultants.groupe3737.com\/en\/wp-json\/wp\/v2\/media?parent=973"}],"curies":[{"name":"wp","href":"https:\/\/api.w.org\/{rel}","templated":true}]}}